{"id":1534,"date":"2025-03-31T11:22:08","date_gmt":"2025-03-31T11:22:08","guid":{"rendered":"https:\/\/dentville.rs\/?page_id=1534"},"modified":"2025-03-31T12:18:23","modified_gmt":"2025-03-31T12:18:23","slug":"usluge","status":"publish","type":"page","link":"https:\/\/dentville.rs\/index.php\/usluge\/","title":{"rendered":"Usluge"},"content":{"rendered":"\n<h3 class=\"wp-block-heading\">De\u010dija i preventivna stomatologija<\/h3>\n\n\n\n<ul class=\"wp-block-list\">\n<li>Motivacija i obuka<\/li>\n\n\n\n<li>Profesionalno \u010di\u0161\u0107enje<\/li>\n\n\n\n<li>Fluorizacija<\/li>\n\n\n\n<li>Zalivanje fisura<\/li>\n\n\n\n<li>Popravke zuba kod dece<\/li>\n\n\n\n<li>Va\u0111enje mle\u010dnih zuba<\/li>\n<\/ul>\n\n\n\n<h3 class=\"wp-block-heading\">Estetska stomatologija<\/h3>\n\n\n\n<ul class=\"wp-block-list\">\n<li>Beljenje zuba<\/li>\n\n\n\n<li>Ordinacijsko beljenje zuba<\/li>\n\n\n\n<li>Ku\u0107no beljenje zuba<\/li>\n\n\n\n<li>Beljenje avitalnih zuba<\/li>\n\n\n\n<li>Kompozitne fasete<\/li>\n<\/ul>\n\n\n\n<h3 class=\"wp-block-heading\">Stomatolo\u0161ka protetika<\/h3>\n\n\n\n<ul class=\"wp-block-list\">\n<li>Metal keramika<\/li>\n\n\n\n<li>Bezmetal keramika<\/li>\n\n\n\n<li>Totalne proteze<\/li>\n\n\n\n<li>Parcijalne proteze<\/li>\n\n\n\n<li>\u017dabica<\/li>\n<\/ul>\n\n\n\n<h3 class=\"wp-block-heading\">Paradontologija<\/h3>\n\n\n\n<ul class=\"wp-block-list\">\n<li>Konzervativna terapija<\/li>\n\n\n\n<li>Kireta\u017ea d\u017eepova<\/li>\n\n\n\n<li>Hirur\u0161ka terapija<\/li>\n<\/ul>\n\n\n\n<h3 class=\"wp-block-heading\">Oralna hirurgija<\/h3>\n\n\n\n<ul class=\"wp-block-list\">\n<li>Va\u0111enje zuba<\/li>\n\n\n\n<li>Hirur\u0161ko va\u0111enje zuba<\/li>\n\n\n\n<li>Apikotomije i cistektomija<\/li>\n\n\n\n<li>Va\u0111enje impaktiranih umnjaka<\/li>\n\n\n\n<li>Preprotetska hirurgija<\/li>\n<\/ul>\n\n\n\n<h3 class=\"wp-block-heading\">Konzervativna stomatologija<\/h3>\n\n\n\n<ul class=\"wp-block-list\">\n<li>Plombe<\/li>\n\n\n\n<li>Le\u010denje zuba<\/li>\n<\/ul>\n\n\n\n<h3 class=\"wp-block-heading\">Ortodoncija i implantologija<\/h3>\n\n\n\n<ul class=\"wp-block-list\">\n<li>Mobilni ortodonski aparati<\/li>\n\n\n\n<li>Fiksni ortodonski aparati<\/li>\n\n\n\n<li>Implantologija<\/li>\n<\/ul>\n\n\n\n<h3 class=\"wp-block-heading\">Anti-age i estetski tretmani<\/h3>\n\n\n\n<ul class=\"wp-block-list\">\n<li>Tretmani botoksom<\/li>\n\n\n\n<li>Tretmani hijaluronom<\/li>\n<\/ul>\n","protected":false},"excerpt":{"rendered":"<p>De\u010dija i preventivna stomatologija Estetska stomatologija Stomatolo\u0161ka protetika Paradontologija Oralna hirurgija Konzervativna stomatologija Ortodoncija i implantologija Anti-age i estetski tretmani<\/p>\n","protected":false},"author":1,"featured_media":0,"parent":0,"menu_order":0,"comment_status":"closed","ping_status":"open","template":"","meta":{"footnotes":""},"class_list":["post-1534","page","type-page","status-publish","hentry"],"_links":{"self":[{"href":"https:\/\/dentville.rs\/index.php\/wp-json\/wp\/v2\/pages\/1534","targetHints":{"allow":["GET"]}}],"collection":[{"href":"https:\/\/dentville.rs\/index.php\/wp-json\/wp\/v2\/pages"}],"about":[{"href":"https:\/\/dentville.rs\/index.php\/wp-json\/wp\/v2\/types\/page"}],"author":[{"embeddable":true,"href":"https:\/\/dentville.rs\/index.php\/wp-json\/wp\/v2\/users\/1"}],"replies":[{"embeddable":true,"href":"https:\/\/dentville.rs\/index.php\/wp-json\/wp\/v2\/comments?post=1534"}],"version-history":[{"count":1,"href":"https:\/\/dentville.rs\/index.php\/wp-json\/wp\/v2\/pages\/1534\/revisions"}],"predecessor-version":[{"id":1544,"href":"https:\/\/dentville.rs\/index.php\/wp-json\/wp\/v2\/pages\/1534\/revisions\/1544"}],"wp:attachment":[{"href":"https:\/\/dentville.rs\/index.php\/wp-json\/wp\/v2\/media?parent=1534"}],"curies":[{"name":"wp","href":"https:\/\/api.w.org\/{rel}","templated":true}]}}